{"id":11804,"date":"2020-07-29T03:54:52","date_gmt":"2020-07-29T02:54:52","guid":{"rendered":"https:\/\/omnidexmining.com\/casa-3\/"},"modified":"2022-01-13T06:19:37","modified_gmt":"2022-01-13T06:19:37","slug":"inicio","status":"publish","type":"page","link":"https:\/\/omnidexmining.com\/pt-br\/","title":{"rendered":"IN\u00cdCIO"},"content":{"rendered":"\t\t<div data-elementor-type=\"wp-post\" data-elementor-id=\"11804\" class=\"elementor elementor-11804 elementor-3649\">\n\t\t\t\t\t\t<div class=\"elementor-inner\">\n\t\t\t\t<div class=\"elementor-section-wrap\">\n\t\t\t\t\t\t\t\t\t<section class=\"elementor-section elementor-top-section elementor-element elementor-element-83f2815 elementor-section-boxed elementor-section-height-default elementor-section-height-default\" data-id=\"83f2815\" data-element_type=\"section\">\n\t\t\t\t\t\t<div class=\"elementor-container elementor-column-gap-default\">\n\t\t\t\t\t\t\t<div class=\"elementor-row\">\n\t\t\t\t\t<div class=\"elementor-column elementor-col-100 elementor-top-column elementor-element elementor-element-154bb33\" data-id=\"154bb33\" data-element_type=\"column\">\n\t\t\t<div class=\"elementor-column-wrap\">\n\t\t\t\t\t\t\t<div class=\"elementor-widget-wrap\">\n\t\t\t\t\t\t\t\t<\/div>\n\t\t\t\t\t<\/div>\n\t\t<\/div>\n\t\t\t\t\t\t\t\t<\/div>\n\t\t\t\t\t<\/div>\n\t\t<\/section>\n\t\t\t\t<section class=\"elementor-section elementor-top-section elementor-element elementor-element-78e9041 elementor-section-stretched elementor-section-full_width elementor-section-height-min-height elementor-section-height-default elementor-section-items-middle\" data-id=\"78e9041\" data-element_type=\"section\" data-settings=\"{&quot;stretch_section&quot;:&quot;section-stretched&quot;}\">\n\t\t\t\t\t\t<div class=\"elementor-container elementor-column-gap-no\">\n\t\t\t\t\t\t\t<div class=\"elementor-row\">\n\t\t\t\t\t<div class=\"elementor-column elementor-col-100 elementor-top-column elementor-element elementor-element-e0fa681\" data-id=\"e0fa681\" data-element_type=\"column\">\n\t\t\t<div class=\"elementor-column-wrap elementor-element-populated\">\n\t\t\t\t\t\t\t<div class=\"elementor-widget-wrap\">\n\t\t\t\t\t\t<div class=\"elementor-element elementor-element-2856db9 elementor-widget elementor-widget-wp-widget-layerslider_widget\" data-id=\"2856db9\" data-element_type=\"widget\" data-widget_type=\"wp-widget-layerslider_widget.default\">\n\t\t\t\t<div class=\"elementor-widget-container\">\n\t\t\t<script type=\"text\/javascript\">jQuery(function() { _initLayerSlider( '#layerslider_36_a39bled5m9p3', {createdWith: '6.9.2', sliderVersion: '6.9.2', type: 'fullwidth', pauseOnHover: 'enabled', skin: 'v6', useSrcset: true, skinsPath: 'https:\/\/omnidexmining.com\/wp-content\/plugins\/LayerSlider\/assets\/static\/layerslider\/skins\/'}); });<\/script><div id=\"layerslider_36_a39bled5m9p3\" class=\"ls-wp-container fitvidsignore\" style=\"width:1440px;height:850px;margin:0 auto;margin-bottom: 0px;\"><div class=\"ls-slide\" data-ls=\"duration:10000;transitionduration:500;kenburnszoom:in;kenburnsscale:1.3;\"><img loading=\"lazy\" width=\"1280\" height=\"723\" src=\"https:\/\/omnidexmining.com\/wp-content\/uploads\/2020\/01\/mining_landing-page-1_91f9efc1b45d54c7fb7aa28b9f18beb7-1.jpg\" class=\"ls-bg\" alt=\"Mining Equipment Solutions and Services. Mining Equipment &amp; Offering wide range of engineering and mining equipment services, Omnidex Mining specializes in high quality casting, machining, fabrication processes, etc.\" srcset=\"https:\/\/omnidexmining.com\/wp-content\/uploads\/2020\/01\/mining_landing-page-1_91f9efc1b45d54c7fb7aa28b9f18beb7-1.jpg 1280w, https:\/\/omnidexmining.com\/wp-content\/uploads\/2020\/01\/mining_landing-page-1_91f9efc1b45d54c7fb7aa28b9f18beb7-1-300x169.jpg 300w, https:\/\/omnidexmining.com\/wp-content\/uploads\/2020\/01\/mining_landing-page-1_91f9efc1b45d54c7fb7aa28b9f18beb7-1-1024x578.jpg 1024w, https:\/\/omnidexmining.com\/wp-content\/uploads\/2020\/01\/mining_landing-page-1_91f9efc1b45d54c7fb7aa28b9f18beb7-1-768x434.jpg 768w\" sizes=\"(max-width: 1280px) 100vw, 1280px\" \/><h2 style=\"top:329px;left:50%;font-weight:600;background-size:inherit;background-position:inherit;font-size:70px;font-family:Helvetica;color:#ffffff;\" class=\"ls-l ls-text-layer\" data-ls=\"offsetyin:20;durationin:1500;delayin:200;easingin:linear;position:relative;\">Proporcionando uma vantagem desleal<\/h2><h2 style=\"top:408px;left:140px;font-weight:600;background-size:inherit;background-position:inherit;font-size:70px;font-family:Helvetica;color:#ffffff;\" class=\"ls-l ls-text-layer\" data-ls=\"offsetyin:20;durationin:1500;delayin:200;easingin:linear;position:relative;\">para nossos clientes de Minera&ccedil;&atilde;o<\/h2><h1 style=\"top:1px;left:0px;background-size:inherit;background-position:inherit;font-size:1px;color:rgba(0, 0, 0, 0.02);\" class=\"ls-l ls-text-layer\" data-ls=\"position:relative;\">Mining Equipment Solutions and Services<\/h1><\/div><\/div>\t\t<\/div>\n\t\t\t\t<\/div>\n\t\t\t\t\t\t<\/div>\n\t\t\t\t\t<\/div>\n\t\t<\/div>\n\t\t\t\t\t\t\t\t<\/div>\n\t\t\t\t\t<\/div>\n\t\t<\/section>\n\t\t\t\t<section class=\"elementor-section elementor-top-section elementor-element elementor-element-c4a809b elementor-section-stretched elementor-section-boxed elementor-section-height-default elementor-section-height-default\" data-id=\"c4a809b\" data-element_type=\"section\" data-settings=\"{&quot;stretch_section&quot;:&quot;section-stretched&quot;,&quot;background_background&quot;:&quot;gradient&quot;}\">\n\t\t\t\t\t\t<div class=\"elementor-container elementor-column-gap-default\">\n\t\t\t\t\t\t\t<div class=\"elementor-row\">\n\t\t\t\t\t<div class=\"elementor-column elementor-col-20 elementor-top-column elementor-element elementor-element-48c6a79\" data-id=\"48c6a79\" data-element_type=\"column\">\n\t\t\t<div class=\"elementor-column-wrap\">\n\t\t\t\t\t\t\t<div class=\"elementor-widget-wrap\">\n\t\t\t\t\t\t\t\t<\/div>\n\t\t\t\t\t<\/div>\n\t\t<\/div>\n\t\t\t\t<div class=\"elementor-column elementor-col-20 elementor-top-column elementor-element elementor-element-d4830dd\" data-id=\"d4830dd\" data-element_type=\"column\">\n\t\t\t<div class=\"elementor-column-wrap\">\n\t\t\t\t\t\t\t<div class=\"elementor-widget-wrap\">\n\t\t\t\t\t\t\t\t<\/div>\n\t\t\t\t\t<\/div>\n\t\t<\/div>\n\t\t\t\t<div class=\"elementor-column elementor-col-20 elementor-top-column elementor-element elementor-element-7689f67\" data-id=\"7689f67\" data-element_type=\"column\">\n\t\t\t<div class=\"elementor-column-wrap\">\n\t\t\t\t\t\t\t<div class=\"elementor-widget-wrap\">\n\t\t\t\t\t\t\t\t<\/div>\n\t\t\t\t\t<\/div>\n\t\t<\/div>\n\t\t\t\t<div class=\"elementor-column elementor-col-20 elementor-top-column elementor-element elementor-element-3b60277\" data-id=\"3b60277\" data-element_type=\"column\">\n\t\t\t<div class=\"elementor-column-wrap\">\n\t\t\t\t\t\t\t<div class=\"elementor-widget-wrap\">\n\t\t\t\t\t\t\t\t<\/div>\n\t\t\t\t\t<\/div>\n\t\t<\/div>\n\t\t\t\t<div class=\"elementor-column elementor-col-20 elementor-top-column elementor-element elementor-element-f53bfc3\" data-id=\"f53bfc3\" data-element_type=\"column\">\n\t\t\t<div class=\"elementor-column-wrap\">\n\t\t\t\t\t\t\t<div class=\"elementor-widget-wrap\">\n\t\t\t\t\t\t\t\t<\/div>\n\t\t\t\t\t<\/div>\n\t\t<\/div>\n\t\t\t\t\t\t\t\t<\/div>\n\t\t\t\t\t<\/div>\n\t\t<\/section>\n\t\t\t\t<section class=\"elementor-section elementor-top-section elementor-element elementor-element-85417c8 elementor-section-boxed elementor-section-height-default elementor-section-height-default\" data-id=\"85417c8\" data-element_type=\"section\" data-settings=\"{&quot;background_background&quot;:&quot;classic&quot;}\">\n\t\t\t\t\t\t<div class=\"elementor-container elementor-column-gap-default\">\n\t\t\t\t\t\t\t<div class=\"elementor-row\">\n\t\t\t\t\t<div class=\"elementor-column elementor-col-25 elementor-top-column elementor-element elementor-element-493d3c5\" data-id=\"493d3c5\" data-element_type=\"column\">\n\t\t\t<div class=\"elementor-column-wrap elementor-element-populated\">\n\t\t\t\t\t\t\t<div class=\"elementor-widget-wrap\">\n\t\t\t\t\t\t<div class=\"elementor-element elementor-element-0187f59 elementor-widget elementor-widget-image\" data-id=\"0187f59\" data-element_type=\"widget\" data-widget_type=\"image.default\">\n\t\t\t\t<div class=\"elementor-widget-container\">\n\t\t\t\t\t\t\t\t<div class=\"elementor-image\">\n\t\t\t\t\t\t\t\t\t\t\t\t<img width=\"1024\" height=\"439\" src=\"https:\/\/omnidexmining.com\/wp-content\/uploads\/2019\/10\/mining-logo-white-1024x439.png\" class=\"attachment-large size-large\" alt=\"\" loading=\"lazy\" srcset=\"https:\/\/omnidexmining.com\/wp-content\/uploads\/2019\/10\/mining-logo-white-1024x439.png 1024w, https:\/\/omnidexmining.com\/wp-content\/uploads\/2019\/10\/mining-logo-white-300x128.png 300w, https:\/\/omnidexmining.com\/wp-content\/uploads\/2019\/10\/mining-logo-white-768x329.png 768w\" sizes=\"(max-width: 1024px) 100vw, 1024px\" \/>\t\t\t\t\t\t\t\t\t\t\t\t\t\t<\/div>\n\t\t\t\t\t\t<\/div>\n\t\t\t\t<\/div>\n\t\t\t\t<div class=\"elementor-element elementor-element-c518031 e-grid-align-right e-grid-align-mobile-left elementor-shape-circle elementor-grid-0 elementor-widget elementor-widget-social-icons\" data-id=\"c518031\" data-element_type=\"widget\" data-widget_type=\"social-icons.default\">\n\t\t\t\t<div class=\"elementor-widget-container\">\n\t\t\t\t\t<div class=\"elementor-social-icons-wrapper elementor-grid\">\n\t\t\t\t\t\t\t<span class=\"elementor-grid-item\">\n\t\t\t\t\t<a class=\"elementor-icon elementor-social-icon elementor-social-icon-facebook-f elementor-repeater-item-8dee91d\" href=\"https:\/\/www.facebook.com\/Omnidex-Mining-112952313961603\" target=\"_blank\" rel=\"noopener\">\n\t\t\t\t\t\t<span class=\"elementor-screen-only\">Facebook-f<\/span>\n\t\t\t\t\t\t<i class=\"fab fa-facebook-f\"><\/i>\t\t\t\t\t<\/a>\n\t\t\t\t<\/span>\n\t\t\t\t\t\t\t<span class=\"elementor-grid-item\">\n\t\t\t\t\t<a class=\"elementor-icon elementor-social-icon elementor-social-icon-linkedin elementor-repeater-item-0ff5b73\" href=\"https:\/\/hk.linkedin.com\/company\/chinasavvy\" target=\"_blank\" rel=\"noopener\">\n\t\t\t\t\t\t<span class=\"elementor-screen-only\">Linkedin<\/span>\n\t\t\t\t\t\t<i class=\"fab fa-linkedin\"><\/i>\t\t\t\t\t<\/a>\n\t\t\t\t<\/span>\n\t\t\t\t\t\t\t<span class=\"elementor-grid-item\">\n\t\t\t\t\t<a class=\"elementor-icon elementor-social-icon elementor-social-icon-twitter elementor-repeater-item-dc10550\" href=\"https:\/\/twitter.com\/OmnidexCN\" target=\"_blank\" rel=\"noopener\">\n\t\t\t\t\t\t<span class=\"elementor-screen-only\">Twitter<\/span>\n\t\t\t\t\t\t<i class=\"fab fa-twitter\"><\/i>\t\t\t\t\t<\/a>\n\t\t\t\t<\/span>\n\t\t\t\t\t\t\t<span class=\"elementor-grid-item\">\n\t\t\t\t\t<a class=\"elementor-icon elementor-social-icon elementor-social-icon-instagram elementor-repeater-item-d01da99\" href=\"https:\/\/www.instagram.com\/omnidexcn\/?hl=zh-hk\" target=\"_blank\" rel=\"noopener\">\n\t\t\t\t\t\t<span class=\"elementor-screen-only\">Instagram<\/span>\n\t\t\t\t\t\t<i class=\"fab fa-instagram\"><\/i>\t\t\t\t\t<\/a>\n\t\t\t\t<\/span>\n\t\t\t\t\t\t\t<span class=\"elementor-grid-item\">\n\t\t\t\t\t<a class=\"elementor-icon elementor-social-icon elementor-social-icon-youtube elementor-repeater-item-b7edceb\" href=\"https:\/\/www.youtube.com\/user\/Chinasavvy1\/videos?shelf_id=1&#038;view=0&#038;sort=dd&#038;app=desktop\" target=\"_blank\" rel=\"noopener\">\n\t\t\t\t\t\t<span class=\"elementor-screen-only\">Youtube<\/span>\n\t\t\t\t\t\t<i class=\"fab fa-youtube\"><\/i>\t\t\t\t\t<\/a>\n\t\t\t\t<\/span>\n\t\t\t\t\t<\/div>\n\t\t\t\t<\/div>\n\t\t\t\t<\/div>\n\t\t\t\t<div class=\"elementor-element elementor-element-bda096f elementor-widget elementor-widget-html\" data-id=\"bda096f\" data-element_type=\"widget\" data-widget_type=\"html.default\">\n\t\t\t\t<div class=\"elementor-widget-container\">\n\t\t\t<p style=\"text-align: left;color:rgba(224, 224, 224, 0.79)\">Siga-nos:\r\n<br> <script src=\"https:\/\/platform.linkedin.com\/in.js\" type=\"text\/javascript\"> lang: en_US<\/script>\r\n<script type=\"IN\/FollowCompany\" data-id=\"28763148\" data-counter=\"right\"><\/script><\/p>\r\n\r\n<iframe loading=\"lazy\" src=\"https:\/\/www.facebook.com\/plugins\/like.php?href=https%3A%2F%2Fwww.facebook.com%2FOmnidex-Mining-112952313961603&width=112&layout=button_count&action=like&size=small&share=true&height=46&appId\" width=\"112\" height=\"46\" style=\"border:none;overflow:hidden\" scrolling=\"no\" frameborder=\"0\" allowfullscreen=\"true\" allow=\"autoplay; clipboard-write; encrypted-media; picture-in-picture; web-share\"><\/iframe>\t\t<\/div>\n\t\t\t\t<\/div>\n\t\t\t\t\t\t<\/div>\n\t\t\t\t\t<\/div>\n\t\t<\/div>\n\t\t\t\t<div class=\"elementor-column elementor-col-25 elementor-top-column elementor-element elementor-element-dd64314\" data-id=\"dd64314\" data-element_type=\"column\">\n\t\t\t<div class=\"elementor-column-wrap elementor-element-populated\">\n\t\t\t\t\t\t\t<div class=\"elementor-widget-wrap\">\n\t\t\t\t\t\t<div class=\"elementor-element elementor-element-7653302 elementor-widget elementor-widget-heading\" data-id=\"7653302\" data-element_type=\"widget\" data-widget_type=\"heading.default\">\n\t\t\t\t<div class=\"elementor-widget-container\">\n\t\t\t<h3 class=\"elementor-heading-title elementor-size-default\">Navega\u00e7\u00e3o<gwmw style=\"display:none;\"><\/gwmw><gwmw style=\"display:none;\"><\/gwmw><\/h3>\t\t<\/div>\n\t\t\t\t<\/div>\n\t\t\t\t<div class=\"elementor-element elementor-element-e33a784 elementor-align-left elementor-icon-list--layout-traditional elementor-list-item-link-full_width elementor-widget elementor-widget-icon-list\" data-id=\"e33a784\" data-element_type=\"widget\" data-widget_type=\"icon-list.default\">\n\t\t\t\t<div class=\"elementor-widget-container\">\n\t\t\t\t\t<ul class=\"elementor-icon-list-items\">\n\t\t\t\t\t\t\t<li class=\"elementor-icon-list-item\">\n\t\t\t\t\t\t\t\t\t\t\t<a href=\"http:\/\/omnidexmining.com\/pt-br\/\">\n\n\t\t\t\t\t\t\t\t\t\t\t<span class=\"elementor-icon-list-text\">In\u00edcio<\/span>\n\t\t\t\t\t\t\t\t\t\t\t<\/a>\n\t\t\t\t\t\t\t\t\t<\/li>\n\t\t\t\t\t\t\t\t<li class=\"elementor-icon-list-item\">\n\t\t\t\t\t\t\t\t\t\t\t<a href=\"http:\/\/omnidexmining.com\/pt-br\/about-us\/\">\n\n\t\t\t\t\t\t\t\t\t\t\t<span class=\"elementor-icon-list-text\">Sobre<\/span>\n\t\t\t\t\t\t\t\t\t\t\t<\/a>\n\t\t\t\t\t\t\t\t\t<\/li>\n\t\t\t\t\t\t\t\t<li class=\"elementor-icon-list-item\">\n\t\t\t\t\t\t\t\t\t\t\t<a href=\"http:\/\/omnidexmining.com\/pt-br\/processes\/\">\n\n\t\t\t\t\t\t\t\t\t\t\t<span class=\"elementor-icon-list-text\">Processos<\/span>\n\t\t\t\t\t\t\t\t\t\t\t<\/a>\n\t\t\t\t\t\t\t\t\t<\/li>\n\t\t\t\t\t\t\t\t<li class=\"elementor-icon-list-item\">\n\t\t\t\t\t\t\t\t\t\t\t<a href=\"http:\/\/omnidexmining.com\/pt-br\/engineering\/\">\n\n\t\t\t\t\t\t\t\t\t\t\t<span class=\"elementor-icon-list-text\">Engenharia<\/span>\n\t\t\t\t\t\t\t\t\t\t\t<\/a>\n\t\t\t\t\t\t\t\t\t<\/li>\n\t\t\t\t\t\t\t\t<li class=\"elementor-icon-list-item\">\n\t\t\t\t\t\t\t\t\t\t\t<a href=\"http:\/\/omnidexmining.com\/pt-br\/quality\/\">\n\n\t\t\t\t\t\t\t\t\t\t\t<span class=\"elementor-icon-list-text\">Qualidade<\/span>\n\t\t\t\t\t\t\t\t\t\t\t<\/a>\n\t\t\t\t\t\t\t\t\t<\/li>\n\t\t\t\t\t\t\t\t<li class=\"elementor-icon-list-item\">\n\t\t\t\t\t\t\t\t\t\t\t<a href=\"http:\/\/omnidexmining.com\/pt-br\/contact-us\/\">\n\n\t\t\t\t\t\t\t\t\t\t\t<span class=\"elementor-icon-list-text\">Contato<\/span>\n\t\t\t\t\t\t\t\t\t\t\t<\/a>\n\t\t\t\t\t\t\t\t\t<\/li>\n\t\t\t\t\t\t<\/ul>\n\t\t\t\t<\/div>\n\t\t\t\t<\/div>\n\t\t\t\t\t\t<\/div>\n\t\t\t\t\t<\/div>\n\t\t<\/div>\n\t\t\t\t<div class=\"elementor-column elementor-col-25 elementor-top-column elementor-element elementor-element-b4e1470\" data-id=\"b4e1470\" data-element_type=\"column\">\n\t\t\t<div class=\"elementor-column-wrap elementor-element-populated\">\n\t\t\t\t\t\t\t<div class=\"elementor-widget-wrap\">\n\t\t\t\t\t\t<div class=\"elementor-element elementor-element-d1b26a4 elementor-widget elementor-widget-heading\" data-id=\"d1b26a4\" data-element_type=\"widget\" data-widget_type=\"heading.default\">\n\t\t\t\t<div class=\"elementor-widget-container\">\n\t\t\t<h2 class=\"elementor-heading-title elementor-size-default\">Contato<\/h2>\t\t<\/div>\n\t\t\t\t<\/div>\n\t\t\t\t<div class=\"elementor-element elementor-element-df423c4 elementor-widget elementor-widget-text-editor\" data-id=\"df423c4\" data-element_type=\"widget\" data-widget_type=\"text-editor.default\">\n\t\t\t\t<div class=\"elementor-widget-container\">\n\t\t\t\t\t\t\t\t<div class=\"elementor-text-editor elementor-clearfix\">\n\t\t\t\t<p><strong>N\u00famero de telefone:<br \/><\/strong>\u00a0 \u00a0\u00c1sia-Pac\u00edfico, Am\u00e9rica do Sul, \u00c1frica e resto do mundo:<br \/>\u00a0 \u00a0+86 20 8388 7080<br \/>\u00a0 \u00a0Reino Unido: +44 (0)808 123 0080<br \/>\u00a0 \u00a0EUA\/Canad\u00e1: + 1 (800) 967 2110<\/p>\t\t\t\t\t<\/div>\n\t\t\t\t\t\t<\/div>\n\t\t\t\t<\/div>\n\t\t\t\t<div class=\"elementor-element elementor-element-a0072f3 elementor-widget elementor-widget-heading\" data-id=\"a0072f3\" data-element_type=\"widget\" data-widget_type=\"heading.default\">\n\t\t\t\t<div class=\"elementor-widget-container\">\n\t\t\t<h2 class=\"elementor-heading-title elementor-size-default\">E-mail<\/h2>\t\t<\/div>\n\t\t\t\t<\/div>\n\t\t\t\t<div class=\"elementor-element elementor-element-2e3106c elementor-widget elementor-widget-text-editor\" data-id=\"2e3106c\" data-element_type=\"widget\" data-widget_type=\"text-editor.default\">\n\t\t\t\t<div class=\"elementor-widget-container\">\n\t\t\t\t\t\t\t\t<div class=\"elementor-text-editor elementor-clearfix\">\n\t\t\t\t<p><a href=\"mailto:mining@omnidexgroup.com\">mining@omnidexgroup.com<br \/><\/a><\/p>\t\t\t\t\t<\/div>\n\t\t\t\t\t\t<\/div>\n\t\t\t\t<\/div>\n\t\t\t\t\t\t<\/div>\n\t\t\t\t\t<\/div>\n\t\t<\/div>\n\t\t\t\t<div class=\"elementor-column elementor-col-25 elementor-top-column elementor-element elementor-element-40b3619\" data-id=\"40b3619\" data-element_type=\"column\">\n\t\t\t<div class=\"elementor-column-wrap elementor-element-populated\">\n\t\t\t\t\t\t\t<div class=\"elementor-widget-wrap\">\n\t\t\t\t\t\t<div class=\"elementor-element elementor-element-a571a39 elementor-widget elementor-widget-heading\" data-id=\"a571a39\" data-element_type=\"widget\" data-widget_type=\"heading.default\">\n\t\t\t\t<div class=\"elementor-widget-container\">\n\t\t\t<h2 class=\"elementor-heading-title elementor-size-default\">Omnidex Mining Brochure<\/h2>\t\t<\/div>\n\t\t\t\t<\/div>\n\t\t\t\t<div class=\"elementor-element elementor-element-93f088e elementor-position-left elementor-vertical-align-top elementor-widget elementor-widget-image-box\" data-id=\"93f088e\" data-element_type=\"widget\" data-widget_type=\"image-box.default\">\n\t\t\t\t<div class=\"elementor-widget-container\">\n\t\t\t<div class=\"elementor-image-box-wrapper\"><figure class=\"elementor-image-box-img\"><img width=\"769\" height=\"1024\" src=\"https:\/\/omnidexmining.com\/wp-content\/uploads\/2022\/01\/Omnidex-Mining_brochure.jpg\" class=\"attachment-full size-full\" alt=\"\" loading=\"lazy\" \/><\/figure><div class=\"elementor-image-box-content\"><p class=\"elementor-image-box-description\">Se voc\u00ea estiver procurando por servi\u00e7os de equipamentos e m\u00e1quinas para minera\u00e7\u00e3o industrial, nosso folheto \u00e9 uma \u00f3tima maneira de descobrir o que a Omnidex tem a oferecer. Voc\u00ea pode baixar <a style=\"font-weight:bold\" href=\"https:\/\/omnidexmining.com\/wp-content\/uploads\/2022\/01\/Omnidex_Mining_brochure_2022-1.pdf\"> AQUI<\/a> para saber mais .<\/p><\/div><\/div>\t\t<\/div>\n\t\t\t\t<\/div>\n\t\t\t\t\t\t<\/div>\n\t\t\t\t\t<\/div>\n\t\t<\/div>\n\t\t\t\t\t\t\t\t<\/div>\n\t\t\t\t\t<\/div>\n\t\t<\/section>\n\t\t\t\t<section class=\"elementor-section elementor-top-section elementor-element elementor-element-44385db elementor-section-stretched elementor-section-full_width elementor-section-height-default elementor-section-height-default\" data-id=\"44385db\" data-element_type=\"section\" data-settings=\"{&quot;stretch_section&quot;:&quot;section-stretched&quot;,&quot;background_background&quot;:&quot;classic&quot;}\">\n\t\t\t\t\t\t<div class=\"elementor-container elementor-column-gap-default\">\n\t\t\t\t\t\t\t<div class=\"elementor-row\">\n\t\t\t\t\t<div class=\"elementor-column elementor-col-100 elementor-top-column elementor-element elementor-element-8803650\" data-id=\"8803650\" data-element_type=\"column\">\n\t\t\t<div class=\"elementor-column-wrap elementor-element-populated\">\n\t\t\t\t\t\t\t<div class=\"elementor-widget-wrap\">\n\t\t\t\t\t\t<div class=\"elementor-element elementor-element-e85349e elementor-widget elementor-widget-text-editor\" data-id=\"e85349e\" data-element_type=\"widget\" data-widget_type=\"text-editor.default\">\n\t\t\t\t<div class=\"elementor-widget-container\">\n\t\t\t\t\t\t\t\t<div class=\"elementor-text-editor elementor-clearfix\">\n\t\t\t\tCopyright \u00a9 2022 Omnidex Mining. Todos os direitos reservados.\t\t\t\t\t<\/div>\n\t\t\t\t\t\t<\/div>\n\t\t\t\t<\/div>\n\t\t\t\t\t\t<\/div>\n\t\t\t\t\t<\/div>\n\t\t<\/div>\n\t\t\t\t\t\t\t\t<\/div>\n\t\t\t\t\t<\/div>\n\t\t<\/section>\n\t\t\t\t\t\t\t\t\t<\/div>\n\t\t\t<\/div>\n\t\t\t\t\t<\/div>\n\t\t","protected":false},"excerpt":{"rendered":"<p>Home Acerca de Nosotros Testimonios Garant\u00eda Omnidex in the News Procesos Fundici\u00f3n de Metales Fundici\u00f3n en Arena Fundici\u00f3n a Presi\u00f3n Fundici\u00f3n de Precisi\u00f3n Fundici\u00f3n de Espuma Perdida Fundici\u00f3n en C\u00e1scara Fundici\u00f3n en Molde Permanente por Gravedad Maquinado de Precisi\u00f3n Ensamblaje El\u00e9ctrica \/ Electr\u00f3nica Ingenier\u00eda Calidad CONTACTENOS 19+ ANOS NO NEG\u00d3CIO 12+ ANOS DE CERTIFICA\u00c7\u00c3O ISO&#8230;<\/p>\n","protected":false},"author":4,"featured_media":0,"parent":0,"menu_order":0,"comment_status":"closed","ping_status":"closed","template":"templates\/blank-with-top-header-and-footer.php","meta":{"_mi_skip_tracking":false,"_exactmetrics_sitenote_active":false,"_exactmetrics_sitenote_note":"","_exactmetrics_sitenote_category":0},"_links":{"self":[{"href":"https:\/\/omnidexmining.com\/pt-br\/wp-json\/wp\/v2\/pages\/11804"}],"collection":[{"href":"https:\/\/omnidexmining.com\/pt-br\/wp-json\/wp\/v2\/pages"}],"about":[{"href":"https:\/\/omnidexmining.com\/pt-br\/wp-json\/wp\/v2\/types\/page"}],"author":[{"embeddable":true,"href":"https:\/\/omnidexmining.com\/pt-br\/wp-json\/wp\/v2\/users\/4"}],"replies":[{"embeddable":true,"href":"https:\/\/omnidexmining.com\/pt-br\/wp-json\/wp\/v2\/comments?post=11804"}],"version-history":[{"count":38,"href":"https:\/\/omnidexmining.com\/pt-br\/wp-json\/wp\/v2\/pages\/11804\/revisions"}],"predecessor-version":[{"id":14860,"href":"https:\/\/omnidexmining.com\/pt-br\/wp-json\/wp\/v2\/pages\/11804\/revisions\/14860"}],"wp:attachment":[{"href":"https:\/\/omnidexmining.com\/pt-br\/wp-json\/wp\/v2\/media?parent=11804"}],"curies":[{"name":"wp","href":"https:\/\/api.w.org\/{rel}","templated":true}]}}